{"id":10053,"date":"2025-01-27T09:20:42","date_gmt":"2025-01-27T09:20:42","guid":{"rendered":"https:\/\/fahlenhome.com\/?post_type=product&#038;p=10053"},"modified":"2025-04-11T11:07:19","modified_gmt":"2025-04-11T11:07:19","slug":"led-kronljus-vit-batteridrivet","status":"publish","type":"product","link":"https:\/\/fahlenhome.com\/en\/product\/led-kronljus-vit-batteridrivet\/","title":{"rendered":"5-Pack LED candle, white\/battery operated"},"content":{"rendered":"<h2>Elegant design med realistiskt LED ljus<\/h2>\n<p>Detta <strong>LED kronljus i vit<\/strong> har en modern och stilren design med en verklighetstrogen 3D-l\u00e5ga. Det ger ett <strong>mjukt, autentiskt ljus<\/strong> och skapar en mysig atmosf\u00e4r i hemmet.<\/p>\n<h2>Batteridrivet med smart timerfunktion<\/h2>\n<p>Ljuset \u00e4r <strong>batteridrivet<\/strong> och har en inbyggd timer (2H\/4H\/6H\/8H) f\u00f6r enkel anv\u00e4ndning. Med den <strong>medf\u00f6ljande fj\u00e4rrkontrollen<\/strong> kan du smidigt styra ljusstyrkan och timern.<\/p>\n<h2>S\u00e4kert och energieffektivt LED-ljus<\/h2>\n<p>Ett perfekt alternativ f\u00f6r hem med barn och djur \u2013 ingen brandrisk, bara vackert <strong>fladdrande LED-ljus<\/strong>. Dessutom f\u00f6rbrukar LED upp till <strong>85 % mindre energi<\/strong> och har <strong>10 g\u00e5nger l\u00e4ngre livstid<\/strong> \u00e4n vanliga gl\u00f6dlampor.<\/p>\n<h2>Specifikationer:<\/h2>\n<ul>\n<li><strong>Typ:<\/strong> LED kronljus svart, batteridrivet<\/li>\n<li><strong>Batterityp:<\/strong> 2 st AAA-batterier (ing\u00e5r ej)<\/li>\n<li><strong>Storlek:<\/strong> 28 cm (5-pack)<\/li>\n<li><strong>Material:<\/strong> PS (Polystyren)<\/li>\n<li><strong>Timer:<\/strong> 2H\/4H\/6H\/8H<\/li>\n<li><strong>Dimmerfunktion:<\/strong> Ja<\/li>\n<li><strong>Fj\u00e4rrkontroll ing\u00e5r:<\/strong> Ja<\/li>\n<li><strong>F\u00e4rg:<\/strong> Vit<\/li>\n<\/ul>","protected":false},"excerpt":{"rendered":"<h1>5-Pack LED candle, white\/battery operated<\/h1>\n<p>Skapa en mysig atmosf\u00e4r med v\u00e5ra realistiska LED-kronljus. Med en 3D-effekt och fladdrande l\u00e5ga f\u00e5r du ett mjukt autentiskt ljus utan brandrisk. Perfekt f\u00f6r hem med barn och husdjur.<\/p>","protected":false},"featured_media":10062,"comment_status":"open","ping_status":"closed","template":"","meta":[],"product_brand":[],"product_cat":[168,164],"product_tag":[],"class_list":{"0":"post-10053","1":"product","2":"type-product","3":"status-publish","4":"has-post-thumbnail","6":"product_cat-kronljus","7":"product_cat-led-ljus","9":"first","10":"instock","11":"taxable","12":"shipping-taxable","13":"purchasable","14":"product-type-simple","15":"add-to-wishlist-after_add_to_cart"},"yoast_head":"<!-- This site is optimized with the Yoast SEO Premium plugin v24.0 (Yoast SEO v26.8) - https:\/\/yoast.com\/product\/yoast-seo-premium-wordpress\/ -->\n<title>LED kronljus, vit\/batteridrivet | Fahl\u00e9n Home<\/title>\n<meta name=\"description\" content=\"LED Kronljus, vit\/batteridrivet med fj\u00e4rrkontroll erbjuder en verklighetstrogen l\u00e5ga som skapar en varm och mysig atmosf\u00e4r i ditt hem.\" \/>\n<meta name=\"robots\" content=\"noindex, follow, max-snippet:-1, max-image-preview:large, max-video-preview:-1\" \/>\n<meta property=\"og:locale\" content=\"en_GB\" \/>\n<meta property=\"og:type\" content=\"article\" \/>\n<meta property=\"og:title\" content=\"5-Pack LED kronljus, vit\/batteridrivet\" \/>\n<meta property=\"og:description\" content=\"LED Kronljus, vit\/batteridrivet med fj\u00e4rrkontroll erbjuder en verklighetstrogen l\u00e5ga som skapar en varm och mysig atmosf\u00e4r i ditt hem.\" \/>\n<meta property=\"og:url\" content=\"https:\/\/fahlenhome.com\/en\/product\/led-kronljus-vit-batteridrivet\/\" \/>\n<meta property=\"og:site_name\" content=\"Fahl\u00e9n Home\" \/>\n<meta property=\"article:modified_time\" content=\"2025-04-11T11:07:19+00:00\" \/>\n<meta property=\"og:image\" content=\"https:\/\/fahlenhome.com\/wp-content\/uploads\/2025\/01\/Led-Kronljus-vita-1-2.jpg\" \/>\n\t<meta property=\"og:image:width\" content=\"800\" \/>\n\t<meta property=\"og:image:height\" content=\"1200\" \/>\n\t<meta property=\"og:image:type\" content=\"image\/jpeg\" \/>\n<meta name=\"twitter:card\" content=\"summary_large_image\" \/>\n<meta name=\"twitter:label1\" content=\"Price\" \/>\n\t<meta name=\"twitter:data1\" content=\"299,00&nbsp;&#107;&#114;\" \/>\n\t<meta name=\"twitter:label2\" content=\"Availability\" \/>\n\t<meta name=\"twitter:data2\" content=\"In stock\" \/>\n<script type=\"application\/ld+json\" class=\"yoast-schema-graph\">{\"@context\":\"https:\/\/schema.org\",\"@graph\":[{\"@type\":\"WebPage\",\"@id\":\"https:\/\/fahlenhome.com\/product\/led-kronljus-vit-batteridrivet\/\",\"url\":\"https:\/\/fahlenhome.com\/product\/led-kronljus-vit-batteridrivet\/\",\"name\":\"LED kronljus, vit\/batteridrivet | Fahl\u00e9n Home\",\"isPartOf\":{\"@id\":\"https:\/\/fahlenhome.com\/#website\"},\"primaryImageOfPage\":{\"@id\":\"https:\/\/fahlenhome.com\/product\/led-kronljus-vit-batteridrivet\/#primaryimage\"},\"image\":{\"@id\":\"https:\/\/fahlenhome.com\/product\/led-kronljus-vit-batteridrivet\/#primaryimage\"},\"thumbnailUrl\":\"https:\/\/fahlenhome.com\/wp-content\/uploads\/2025\/01\/Led-Kronljus-vita-1-2.jpg\",\"datePublished\":\"2025-01-27T09:20:42+00:00\",\"dateModified\":\"2025-04-11T11:07:19+00:00\",\"description\":\"LED Kronljus, vit\/batteridrivet med fj\u00e4rrkontroll erbjuder en verklighetstrogen l\u00e5ga som skapar en varm och mysig atmosf\u00e4r i ditt hem.\",\"breadcrumb\":{\"@id\":\"https:\/\/fahlenhome.com\/product\/led-kronljus-vit-batteridrivet\/#breadcrumb\"},\"inLanguage\":\"en-GB\",\"potentialAction\":[{\"@type\":\"ReadAction\",\"target\":[\"https:\/\/fahlenhome.com\/product\/led-kronljus-vit-batteridrivet\/\"]}]},{\"@type\":\"ImageObject\",\"inLanguage\":\"en-GB\",\"@id\":\"https:\/\/fahlenhome.com\/product\/led-kronljus-vit-batteridrivet\/#primaryimage\",\"url\":\"https:\/\/fahlenhome.com\/wp-content\/uploads\/2025\/01\/Led-Kronljus-vita-1-2.jpg\",\"contentUrl\":\"https:\/\/fahlenhome.com\/wp-content\/uploads\/2025\/01\/Led-Kronljus-vita-1-2.jpg\",\"width\":800,\"height\":1200,\"caption\":\"Vita LED-kronljus i stiliga guldiga ljusstakar som ger en exklusiv k\u00e4nsla till ditt hem.\"},{\"@type\":\"BreadcrumbList\",\"@id\":\"https:\/\/fahlenhome.com\/product\/led-kronljus-vit-batteridrivet\/#breadcrumb\",\"itemListElement\":[{\"@type\":\"ListItem\",\"position\":1,\"name\":\"Home\",\"item\":\"https:\/\/fahlenhome.com\/\"},{\"@type\":\"ListItem\",\"position\":2,\"name\":\"Butik\",\"item\":\"https:\/\/fahlenhome.com\/butik\/\"},{\"@type\":\"ListItem\",\"position\":3,\"name\":\"5-Pack LED kronljus, vit\/batteridrivet\"}]},{\"@type\":\"WebSite\",\"@id\":\"https:\/\/fahlenhome.com\/#website\",\"url\":\"https:\/\/fahlenhome.com\/\",\"name\":\"Fahl\u00e9n Home\",\"description\":\"Elektriska eldst\u00e4der som skapar en varm och trivsam atmosf\u00e4r i ditt hem, hotell eller restaurang.\",\"publisher\":{\"@id\":\"https:\/\/fahlenhome.com\/#organization\"},\"potentialAction\":[{\"@type\":\"SearchAction\",\"target\":{\"@type\":\"EntryPoint\",\"urlTemplate\":\"https:\/\/fahlenhome.com\/?s={search_term_string}\"},\"query-input\":{\"@type\":\"PropertyValueSpecification\",\"valueRequired\":true,\"valueName\":\"search_term_string\"}}],\"inLanguage\":\"en-GB\"},{\"@type\":\"Organization\",\"@id\":\"https:\/\/fahlenhome.com\/#organization\",\"name\":\"Fahl\u00e9n Home\",\"url\":\"https:\/\/fahlenhome.com\/\",\"logo\":{\"@type\":\"ImageObject\",\"inLanguage\":\"en-GB\",\"@id\":\"https:\/\/fahlenhome.com\/#\/schema\/logo\/image\/\",\"url\":\"https:\/\/fahlenhome.com\/wp-content\/uploads\/2024\/12\/3-e1733432549723.png\",\"contentUrl\":\"https:\/\/fahlenhome.com\/wp-content\/uploads\/2024\/12\/3-e1733432549723.png\",\"width\":3138,\"height\":413,\"caption\":\"Fahl\u00e9n Home\"},\"image\":{\"@id\":\"https:\/\/fahlenhome.com\/#\/schema\/logo\/image\/\"},\"sameAs\":[\"https:\/\/www.instagram.com\/fahlenhome\"]}]}<\/script>\n<meta property=\"product:price:amount\" content=\"299.00\" \/>\n<meta property=\"product:price:currency\" content=\"SEK\" \/>\n<meta property=\"og:availability\" content=\"instock\" \/>\n<meta property=\"product:availability\" content=\"instock\" \/>\n<meta property=\"product:retailer_item_id\" content=\"CAN-4\" \/>\n<meta property=\"product:condition\" content=\"new\" \/>\n<!-- \/ Yoast SEO Premium plugin. -->","yoast_head_json":{"title":"LED kronljus, vit\/batteridrivet | Fahl\u00e9n Home","description":"LED Kronljus, vit\/batteridrivet med fj\u00e4rrkontroll erbjuder en verklighetstrogen l\u00e5ga som skapar en varm och mysig atmosf\u00e4r i ditt hem.","robots":{"index":"noindex","follow":"follow","max-snippet":"max-snippet:-1","max-image-preview":"max-image-preview:large","max-video-preview":"max-video-preview:-1"},"og_locale":"en_GB","og_type":"article","og_title":"5-Pack LED kronljus, vit\/batteridrivet","og_description":"LED Kronljus, vit\/batteridrivet med fj\u00e4rrkontroll erbjuder en verklighetstrogen l\u00e5ga som skapar en varm och mysig atmosf\u00e4r i ditt hem.","og_url":"https:\/\/fahlenhome.com\/en\/product\/led-kronljus-vit-batteridrivet\/","og_site_name":"Fahl\u00e9n Home","article_modified_time":"2025-04-11T11:07:19+00:00","og_image":[{"width":800,"height":1200,"url":"https:\/\/fahlenhome.com\/wp-content\/uploads\/2025\/01\/Led-Kronljus-vita-1-2.jpg","type":"image\/jpeg"}],"twitter_card":"summary_large_image","twitter_misc":{"Price":"299,00&nbsp;&#107;&#114;","Availability":"In stock"},"schema":{"@context":"https:\/\/schema.org","@graph":[{"@type":"WebPage","@id":"https:\/\/fahlenhome.com\/product\/led-kronljus-vit-batteridrivet\/","url":"https:\/\/fahlenhome.com\/product\/led-kronljus-vit-batteridrivet\/","name":"LED kronljus, vit\/batteridrivet | Fahl\u00e9n Home","isPartOf":{"@id":"https:\/\/fahlenhome.com\/#website"},"primaryImageOfPage":{"@id":"https:\/\/fahlenhome.com\/product\/led-kronljus-vit-batteridrivet\/#primaryimage"},"image":{"@id":"https:\/\/fahlenhome.com\/product\/led-kronljus-vit-batteridrivet\/#primaryimage"},"thumbnailUrl":"https:\/\/fahlenhome.com\/wp-content\/uploads\/2025\/01\/Led-Kronljus-vita-1-2.jpg","datePublished":"2025-01-27T09:20:42+00:00","dateModified":"2025-04-11T11:07:19+00:00","description":"LED Kronljus, vit\/batteridrivet med fj\u00e4rrkontroll erbjuder en verklighetstrogen l\u00e5ga som skapar en varm och mysig atmosf\u00e4r i ditt hem.","breadcrumb":{"@id":"https:\/\/fahlenhome.com\/product\/led-kronljus-vit-batteridrivet\/#breadcrumb"},"inLanguage":"en-GB","potentialAction":[{"@type":"ReadAction","target":["https:\/\/fahlenhome.com\/product\/led-kronljus-vit-batteridrivet\/"]}]},{"@type":"ImageObject","inLanguage":"en-GB","@id":"https:\/\/fahlenhome.com\/product\/led-kronljus-vit-batteridrivet\/#primaryimage","url":"https:\/\/fahlenhome.com\/wp-content\/uploads\/2025\/01\/Led-Kronljus-vita-1-2.jpg","contentUrl":"https:\/\/fahlenhome.com\/wp-content\/uploads\/2025\/01\/Led-Kronljus-vita-1-2.jpg","width":800,"height":1200,"caption":"Vita LED-kronljus i stiliga guldiga ljusstakar som ger en exklusiv k\u00e4nsla till ditt hem."},{"@type":"BreadcrumbList","@id":"https:\/\/fahlenhome.com\/product\/led-kronljus-vit-batteridrivet\/#breadcrumb","itemListElement":[{"@type":"ListItem","position":1,"name":"Home","item":"https:\/\/fahlenhome.com\/"},{"@type":"ListItem","position":2,"name":"Butik","item":"https:\/\/fahlenhome.com\/butik\/"},{"@type":"ListItem","position":3,"name":"5-Pack LED kronljus, vit\/batteridrivet"}]},{"@type":"WebSite","@id":"https:\/\/fahlenhome.com\/#website","url":"https:\/\/fahlenhome.com\/","name":"Fahl\u00e9n Home","description":"Elektriska eldst\u00e4der som skapar en varm och trivsam atmosf\u00e4r i ditt hem, hotell eller restaurang.","publisher":{"@id":"https:\/\/fahlenhome.com\/#organization"},"potentialAction":[{"@type":"SearchAction","target":{"@type":"EntryPoint","urlTemplate":"https:\/\/fahlenhome.com\/?s={search_term_string}"},"query-input":{"@type":"PropertyValueSpecification","valueRequired":true,"valueName":"search_term_string"}}],"inLanguage":"en-GB"},{"@type":"Organization","@id":"https:\/\/fahlenhome.com\/#organization","name":"Fahl\u00e9n Home","url":"https:\/\/fahlenhome.com\/","logo":{"@type":"ImageObject","inLanguage":"en-GB","@id":"https:\/\/fahlenhome.com\/#\/schema\/logo\/image\/","url":"https:\/\/fahlenhome.com\/wp-content\/uploads\/2024\/12\/3-e1733432549723.png","contentUrl":"https:\/\/fahlenhome.com\/wp-content\/uploads\/2024\/12\/3-e1733432549723.png","width":3138,"height":413,"caption":"Fahl\u00e9n Home"},"image":{"@id":"https:\/\/fahlenhome.com\/#\/schema\/logo\/image\/"},"sameAs":["https:\/\/www.instagram.com\/fahlenhome"]}]},"product_price_amount":"299.00","product_price_currency":"SEK","og_availability":"instock","product_availability":"instock","product_retailer_item_id":"CAN-4","product_condition":"new"},"jetpack_sharing_enabled":true,"_links":{"self":[{"href":"https:\/\/fahlenhome.com\/en\/wp-json\/wp\/v2\/product\/10053","targetHints":{"allow":["GET"]}}],"collection":[{"href":"https:\/\/fahlenhome.com\/en\/wp-json\/wp\/v2\/product"}],"about":[{"href":"https:\/\/fahlenhome.com\/en\/wp-json\/wp\/v2\/types\/product"}],"replies":[{"embeddable":true,"href":"https:\/\/fahlenhome.com\/en\/wp-json\/wp\/v2\/comments?post=10053"}],"wp:featuredmedia":[{"embeddable":true,"href":"https:\/\/fahlenhome.com\/en\/wp-json\/wp\/v2\/media\/10062"}],"wp:attachment":[{"href":"https:\/\/fahlenhome.com\/en\/wp-json\/wp\/v2\/media?parent=10053"}],"wp:term":[{"taxonomy":"product_brand","embeddable":true,"href":"https:\/\/fahlenhome.com\/en\/wp-json\/wp\/v2\/product_brand?post=10053"},{"taxonomy":"product_cat","embeddable":true,"href":"https:\/\/fahlenhome.com\/en\/wp-json\/wp\/v2\/product_cat?post=10053"},{"taxonomy":"product_tag","embeddable":true,"href":"https:\/\/fahlenhome.com\/en\/wp-json\/wp\/v2\/product_tag?post=10053"}],"curies":[{"name":"wp","href":"https:\/\/api.w.org\/{rel}","templated":true}]}}